{"id":42,"date":"2018-11-13T13:28:34","date_gmt":"2018-11-13T13:28:34","guid":{"rendered":"https:\/\/themes.getmotopress.com\/palmeria\/?page_id=42"},"modified":"2024-09-02T11:21:59","modified_gmt":"2024-09-02T09:21:59","slug":"welcome-to-palmeria-hotel","status":"publish","type":"page","link":"https:\/\/xn--2j-7ja.com\/","title":{"rendered":"Bienvenue chez \u00d42J"},"content":{"rendered":"","protected":false},"excerpt":{"rendered":"<p>Anastasia et Dominique vous accueillent dans leur maison d&rsquo;h\u00f4tes situ\u00e9e au c\u0153ur de la nature dans le petit hameau de la Chevestraye \u00e0 FRESSE.<\/p>\n<p>Pour les amoureux de la nature, des randonn\u00e9es et du v\u00e9lo, le plateau des Mille \u00c9tangs et la Planche des Belles Filles entre autres, vous attendent.<\/p>\n","protected":false},"author":1,"featured_media":650,"parent":0,"menu_order":0,"comment_status":"closed","ping_status":"closed","template":"template-front-page.php","meta":{"footnotes":""},"class_list":["post-42","page","type-page","status-publish","has-post-thumbnail","hentry"],"yoast_head":"<!-- This site is optimized with the Yoast SEO plugin v27.4 - https:\/\/yoast.com\/product\/yoast-seo-wordpress\/ -->\n<title>Bienvenue chez \u00d42J - \u00d42J<\/title>\n<meta name=\"robots\" content=\"index, follow, max-snippet:-1, max-image-preview:large, max-video-preview:-1\" \/>\n<link rel=\"canonical\" href=\"https:\/\/xn--2j-7ja.com\/\" \/>\n<meta property=\"og:locale\" content=\"fr_FR\" \/>\n<meta property=\"og:type\" content=\"article\" \/>\n<meta property=\"og:title\" content=\"Bienvenue chez \u00d42J - \u00d42J\" \/>\n<meta property=\"og:description\" content=\"Anastasia et Dominique vous accueillent dans leur maison d&#039;h\u00f4tes situ\u00e9e au c\u0153ur de la nature dans le petit hameau de la Chevestraye \u00e0 FRESSE. Pour les amoureux de la nature, des randonn\u00e9es et du v\u00e9lo, le plateau des Mille \u00c9tangs et la Planche des Belles Filles entre autres, vous attendent.\" \/>\n<meta property=\"og:url\" content=\"https:\/\/xn--2j-7ja.com\/\" \/>\n<meta property=\"og:site_name\" content=\"\u00d42J\" \/>\n<meta property=\"article:modified_time\" content=\"2024-09-02T09:21:59+00:00\" \/>\n<meta property=\"og:image\" content=\"http:\/\/xn--2j-7ja.com\/wp-content\/uploads\/2024\/06\/1713358305343-scaled.jpg\" \/>\n\t<meta property=\"og:image:width\" content=\"2560\" \/>\n\t<meta property=\"og:image:height\" content=\"1152\" \/>\n\t<meta property=\"og:image:type\" content=\"image\/jpeg\" \/>\n<meta name=\"twitter:card\" content=\"summary_large_image\" \/>\n<meta name=\"twitter:label1\" content=\"Dur\u00e9e de lecture estim\u00e9e\" \/>\n\t<meta name=\"twitter:data1\" content=\"1 minute\" \/>\n<script type=\"application\/ld+json\" class=\"yoast-schema-graph\">{\"@context\":\"https:\\\/\\\/schema.org\",\"@graph\":[{\"@type\":\"WebPage\",\"@id\":\"https:\\\/\\\/xn--2j-7ja.com\\\/\",\"url\":\"https:\\\/\\\/xn--2j-7ja.com\\\/\",\"name\":\"Bienvenue chez \u00d42J - \u00d42J\",\"isPartOf\":{\"@id\":\"https:\\\/\\\/xn--2j-7ja.com\\\/#website\"},\"primaryImageOfPage\":{\"@id\":\"https:\\\/\\\/xn--2j-7ja.com\\\/#primaryimage\"},\"image\":{\"@id\":\"https:\\\/\\\/xn--2j-7ja.com\\\/#primaryimage\"},\"thumbnailUrl\":\"https:\\\/\\\/xn--2j-7ja.com\\\/wp-content\\\/uploads\\\/2024\\\/06\\\/1713358305343-scaled.jpg\",\"datePublished\":\"2018-11-13T13:28:34+00:00\",\"dateModified\":\"2024-09-02T09:21:59+00:00\",\"breadcrumb\":{\"@id\":\"https:\\\/\\\/xn--2j-7ja.com\\\/#breadcrumb\"},\"inLanguage\":\"fr-FR\",\"potentialAction\":[{\"@type\":\"ReadAction\",\"target\":[\"https:\\\/\\\/xn--2j-7ja.com\\\/\"]}]},{\"@type\":\"ImageObject\",\"inLanguage\":\"fr-FR\",\"@id\":\"https:\\\/\\\/xn--2j-7ja.com\\\/#primaryimage\",\"url\":\"https:\\\/\\\/xn--2j-7ja.com\\\/wp-content\\\/uploads\\\/2024\\\/06\\\/1713358305343-scaled.jpg\",\"contentUrl\":\"https:\\\/\\\/xn--2j-7ja.com\\\/wp-content\\\/uploads\\\/2024\\\/06\\\/1713358305343-scaled.jpg\",\"width\":2560,\"height\":1152},{\"@type\":\"BreadcrumbList\",\"@id\":\"https:\\\/\\\/xn--2j-7ja.com\\\/#breadcrumb\",\"itemListElement\":[{\"@type\":\"ListItem\",\"position\":1,\"name\":\"Accueil\",\"item\":\"https:\\\/\\\/xn--2j-7ja.com\\\/\"},{\"@type\":\"ListItem\",\"position\":2,\"name\":\"Bienvenue chez \u00d42J\"}]},{\"@type\":\"WebSite\",\"@id\":\"https:\\\/\\\/xn--2j-7ja.com\\\/#website\",\"url\":\"https:\\\/\\\/xn--2j-7ja.com\\\/\",\"name\":\"\u00d42J\",\"description\":\"Chambres d&#039;h\u00f4te g\u00eete\",\"potentialAction\":[{\"@type\":\"SearchAction\",\"target\":{\"@type\":\"EntryPoint\",\"urlTemplate\":\"https:\\\/\\\/xn--2j-7ja.com\\\/?s={search_term_string}\"},\"query-input\":{\"@type\":\"PropertyValueSpecification\",\"valueRequired\":true,\"valueName\":\"search_term_string\"}}],\"inLanguage\":\"fr-FR\"}]}<\/script>\n<!-- \/ Yoast SEO plugin. -->","yoast_head_json":{"title":"Bienvenue chez \u00d42J - \u00d42J","robots":{"index":"index","follow":"follow","max-snippet":"max-snippet:-1","max-image-preview":"max-image-preview:large","max-video-preview":"max-video-preview:-1"},"canonical":"https:\/\/xn--2j-7ja.com\/","og_locale":"fr_FR","og_type":"article","og_title":"Bienvenue chez \u00d42J - \u00d42J","og_description":"Anastasia et Dominique vous accueillent dans leur maison d'h\u00f4tes situ\u00e9e au c\u0153ur de la nature dans le petit hameau de la Chevestraye \u00e0 FRESSE. Pour les amoureux de la nature, des randonn\u00e9es et du v\u00e9lo, le plateau des Mille \u00c9tangs et la Planche des Belles Filles entre autres, vous attendent.","og_url":"https:\/\/xn--2j-7ja.com\/","og_site_name":"\u00d42J","article_modified_time":"2024-09-02T09:21:59+00:00","og_image":[{"width":2560,"height":1152,"url":"http:\/\/xn--2j-7ja.com\/wp-content\/uploads\/2024\/06\/1713358305343-scaled.jpg","type":"image\/jpeg"}],"twitter_card":"summary_large_image","twitter_misc":{"Dur\u00e9e de lecture estim\u00e9e":"1 minute"},"schema":{"@context":"https:\/\/schema.org","@graph":[{"@type":"WebPage","@id":"https:\/\/xn--2j-7ja.com\/","url":"https:\/\/xn--2j-7ja.com\/","name":"Bienvenue chez \u00d42J - \u00d42J","isPartOf":{"@id":"https:\/\/xn--2j-7ja.com\/#website"},"primaryImageOfPage":{"@id":"https:\/\/xn--2j-7ja.com\/#primaryimage"},"image":{"@id":"https:\/\/xn--2j-7ja.com\/#primaryimage"},"thumbnailUrl":"https:\/\/xn--2j-7ja.com\/wp-content\/uploads\/2024\/06\/1713358305343-scaled.jpg","datePublished":"2018-11-13T13:28:34+00:00","dateModified":"2024-09-02T09:21:59+00:00","breadcrumb":{"@id":"https:\/\/xn--2j-7ja.com\/#breadcrumb"},"inLanguage":"fr-FR","potentialAction":[{"@type":"ReadAction","target":["https:\/\/xn--2j-7ja.com\/"]}]},{"@type":"ImageObject","inLanguage":"fr-FR","@id":"https:\/\/xn--2j-7ja.com\/#primaryimage","url":"https:\/\/xn--2j-7ja.com\/wp-content\/uploads\/2024\/06\/1713358305343-scaled.jpg","contentUrl":"https:\/\/xn--2j-7ja.com\/wp-content\/uploads\/2024\/06\/1713358305343-scaled.jpg","width":2560,"height":1152},{"@type":"BreadcrumbList","@id":"https:\/\/xn--2j-7ja.com\/#breadcrumb","itemListElement":[{"@type":"ListItem","position":1,"name":"Accueil","item":"https:\/\/xn--2j-7ja.com\/"},{"@type":"ListItem","position":2,"name":"Bienvenue chez \u00d42J"}]},{"@type":"WebSite","@id":"https:\/\/xn--2j-7ja.com\/#website","url":"https:\/\/xn--2j-7ja.com\/","name":"\u00d42J","description":"Chambres d&#039;h\u00f4te g\u00eete","potentialAction":[{"@type":"SearchAction","target":{"@type":"EntryPoint","urlTemplate":"https:\/\/xn--2j-7ja.com\/?s={search_term_string}"},"query-input":{"@type":"PropertyValueSpecification","valueRequired":true,"valueName":"search_term_string"}}],"inLanguage":"fr-FR"}]}},"jetpack_sharing_enabled":true,"_links":{"self":[{"href":"https:\/\/xn--2j-7ja.com\/index.php\/wp-json\/wp\/v2\/pages\/42","targetHints":{"allow":["GET"]}}],"collection":[{"href":"https:\/\/xn--2j-7ja.com\/index.php\/wp-json\/wp\/v2\/pages"}],"about":[{"href":"https:\/\/xn--2j-7ja.com\/index.php\/wp-json\/wp\/v2\/types\/page"}],"author":[{"embeddable":true,"href":"https:\/\/xn--2j-7ja.com\/index.php\/wp-json\/wp\/v2\/users\/1"}],"replies":[{"embeddable":true,"href":"https:\/\/xn--2j-7ja.com\/index.php\/wp-json\/wp\/v2\/comments?post=42"}],"version-history":[{"count":6,"href":"https:\/\/xn--2j-7ja.com\/index.php\/wp-json\/wp\/v2\/pages\/42\/revisions"}],"predecessor-version":[{"id":763,"href":"https:\/\/xn--2j-7ja.com\/index.php\/wp-json\/wp\/v2\/pages\/42\/revisions\/763"}],"wp:featuredmedia":[{"embeddable":true,"href":"https:\/\/xn--2j-7ja.com\/index.php\/wp-json\/wp\/v2\/media\/650"}],"wp:attachment":[{"href":"https:\/\/xn--2j-7ja.com\/index.php\/wp-json\/wp\/v2\/media?parent=42"}],"curies":[{"name":"wp","href":"https:\/\/api.w.org\/{rel}","templated":true}]}}