{"id":166,"date":"2018-11-13T16:35:09","date_gmt":"2018-11-13T16:35:09","guid":{"rendered":"https:\/\/themes.getmotopress.com\/palmeria\/?page_id=166"},"modified":"2024-09-02T12:22:37","modified_gmt":"2024-09-02T10:22:37","slug":"contact-us","status":"publish","type":"page","link":"https:\/\/xn--2j-7ja.com\/index.php\/contact-us\/","title":{"rendered":"Contactez nous"},"content":{"rendered":"\n<div class=\"wp-block-columns has-2-columns is-layout-flex wp-container-core-columns-is-layout-9d6595d7 wp-block-columns-is-layout-flex\">\n<div class=\"wp-block-column is-layout-flow wp-block-column-is-layout-flow\">\n<p>Pout tout renseignements, une r\u00e9servation, nous vous r\u00e9pondrons le plus rapidement.<\/p>\n\n\n\n<p><a href=\"tel:+33661768724\">+33 676922468<\/a><br><a href=\"mailto:anastasia.dejoie@gmail.com\">anastasia.dejoie@gmail.com<\/a><\/p>\n\n\n\n<div style=\"height:100px\" aria-hidden=\"true\" class=\"wp-block-spacer\"><\/div>\n\n\n\n<p class=\"has-text-color\" style=\"color:#6e7078\">413 La Chevestraye, Fresse, FR<\/p>\n\n\n\n<figure><iframe src=\"https:\/\/www.google.com\/maps\/embed?pb=!1m18!1m12!1m3!1d2682.1138838951533!2d6.718319868543626!3d47.75984534909342!2m3!1f0!2f0!3f0!3m2!1i1024!2i768!4f13.1!3m3!1m2!1s0x479248297d583c7f%3A0xc3095cbade2cf26f!2s413%20La%20Chevestraye%2C%2070270%20Fresse!5e0!3m2!1sfr!2sfr!4v1718020288911!5m2!1sfr!2sfr\" width=\"600\" height=\"450\" style=\"border:0;\" allowfullscreen=\"\" loading=\"lazy\" referrerpolicy=\"no-referrer-when-downgrade\"><\/iframe><\/figure>\n<\/div>\n\n\n\n<div class=\"wp-block-column is-layout-flow wp-block-column-is-layout-flow\">\n<h3 class=\"wp-block-heading\">Laissez votre message<\/h3>\n\n\n\n<div class=\"wpcf7 no-js\" id=\"wpcf7-f165-o1\" lang=\"en-US\" dir=\"ltr\" data-wpcf7-id=\"165\">\n<div class=\"screen-reader-response\"><p role=\"status\" aria-live=\"polite\" aria-atomic=\"true\"><\/p> <ul><\/ul><\/div>\n<form action=\"\/index.php\/wp-json\/wp\/v2\/pages\/166#wpcf7-f165-o1\" method=\"post\" class=\"wpcf7-form init\" aria-label=\"Contact form\" novalidate=\"novalidate\" data-status=\"init\">\n<fieldset class=\"hidden-fields-container\"><input type=\"hidden\" name=\"_wpcf7\" value=\"165\" \/><input type=\"hidden\" name=\"_wpcf7_version\" value=\"6.1.5\" \/><input type=\"hidden\" name=\"_wpcf7_locale\" value=\"en_US\" \/><input type=\"hidden\" name=\"_wpcf7_unit_tag\" value=\"wpcf7-f165-o1\" \/><input type=\"hidden\" name=\"_wpcf7_container_post\" value=\"0\" \/><input type=\"hidden\" name=\"_wpcf7_posted_data_hash\" value=\"\" \/>\n<\/fieldset>\n<p><label> Nom:<br \/>\n<span class=\"wpcf7-form-control-wrap\" data-name=\"your-name\"><input size=\"40\" maxlength=\"400\" class=\"wpcf7-form-control wpcf7-text wpcf7-validates-as-required\" aria-required=\"true\" aria-invalid=\"false\" value=\"\" type=\"text\" name=\"your-name\" \/><\/span> <\/label>\n<\/p>\n<p><label> Email:<br \/>\n<span class=\"wpcf7-form-control-wrap\" data-name=\"your-email\"><input size=\"40\" maxlength=\"400\" class=\"wpcf7-form-control wpcf7-email wpcf7-validates-as-required wpcf7-text wpcf7-validates-as-email\" aria-required=\"true\" aria-invalid=\"false\" value=\"\" type=\"email\" name=\"your-email\" \/><\/span> <\/label>\n<\/p>\n<p><label> Sujet:<br \/>\n<span class=\"wpcf7-form-control-wrap\" data-name=\"your-subject\"><input size=\"40\" maxlength=\"400\" class=\"wpcf7-form-control wpcf7-text\" aria-invalid=\"false\" value=\"\" type=\"text\" name=\"your-subject\" \/><\/span> <\/label>\n<\/p>\n<p><label> Message:<br \/>\n<span class=\"wpcf7-form-control-wrap\" data-name=\"your-message\"><textarea cols=\"40\" rows=\"4\" maxlength=\"2000\" class=\"wpcf7-form-control wpcf7-textarea\" aria-invalid=\"false\" name=\"your-message\"><\/textarea><\/span> <\/label>\n<\/p>\n<p><input class=\"wpcf7-form-control wpcf7-submit has-spinner\" type=\"submit\" value=\"Envoyer\" \/>\n<\/p><p style=\"display: none !important;\" class=\"akismet-fields-container\" data-prefix=\"_wpcf7_ak_\"><label>&#916;<textarea name=\"_wpcf7_ak_hp_textarea\" cols=\"45\" rows=\"8\" maxlength=\"100\"><\/textarea><\/label><input type=\"hidden\" id=\"ak_js_1\" name=\"_wpcf7_ak_js\" value=\"113\"\/><script>document.getElementById( \"ak_js_1\" ).setAttribute( \"value\", ( new Date() ).getTime() );<\/script><\/p><div class=\"wpcf7-response-output\" aria-hidden=\"true\"><\/div>\n<\/form>\n<\/div>\n\n<\/div>\n<\/div>\n","protected":false},"excerpt":{"rendered":"<p>Pout tout renseignements, une r\u00e9servation, nous vous r\u00e9pondrons le plus rapidement. +33 676922468anastasia.dejoie@gmail.com 413 La Chevestraye, Fresse, FR Laissez votre message<\/p>\n","protected":false},"author":1,"featured_media":702,"parent":0,"menu_order":0,"comment_status":"closed","ping_status":"closed","template":"template-wide-page.php","meta":{"footnotes":""},"class_list":["post-166","page","type-page","status-publish","has-post-thumbnail","hentry"],"yoast_head":"<!-- This site is optimized with the Yoast SEO plugin v27.4 - https:\/\/yoast.com\/product\/yoast-seo-wordpress\/ -->\n<title>Contactez nous - \u00d42J<\/title>\n<meta name=\"robots\" content=\"index, follow, max-snippet:-1, max-image-preview:large, max-video-preview:-1\" \/>\n<link rel=\"canonical\" href=\"https:\/\/xn--2j-7ja.com\/index.php\/contact-us\/\" \/>\n<meta property=\"og:locale\" content=\"fr_FR\" \/>\n<meta property=\"og:type\" content=\"article\" \/>\n<meta property=\"og:title\" content=\"Contactez nous - \u00d42J\" \/>\n<meta property=\"og:description\" content=\"Pout tout renseignements, une r\u00e9servation, nous vous r\u00e9pondrons le plus rapidement. +33 676922468anastasia.dejoie@gmail.com 413 La Chevestraye, Fresse, FR Laissez votre message\" \/>\n<meta property=\"og:url\" content=\"https:\/\/xn--2j-7ja.com\/index.php\/contact-us\/\" \/>\n<meta property=\"og:site_name\" content=\"\u00d42J\" \/>\n<meta property=\"article:modified_time\" content=\"2024-09-02T10:22:37+00:00\" \/>\n<meta property=\"og:image\" content=\"http:\/\/xn--2j-7ja.com\/wp-content\/uploads\/2024\/06\/o2j-dom.jpg\" \/>\n\t<meta property=\"og:image:width\" content=\"1024\" \/>\n\t<meta property=\"og:image:height\" content=\"461\" \/>\n\t<meta property=\"og:image:type\" content=\"image\/jpeg\" \/>\n<meta name=\"twitter:card\" content=\"summary_large_image\" \/>\n<meta name=\"twitter:label1\" content=\"Dur\u00e9e de lecture estim\u00e9e\" \/>\n\t<meta name=\"twitter:data1\" content=\"1 minute\" \/>\n<script type=\"application\/ld+json\" class=\"yoast-schema-graph\">{\"@context\":\"https:\\\/\\\/schema.org\",\"@graph\":[{\"@type\":\"WebPage\",\"@id\":\"https:\\\/\\\/xn--2j-7ja.com\\\/index.php\\\/contact-us\\\/\",\"url\":\"https:\\\/\\\/xn--2j-7ja.com\\\/index.php\\\/contact-us\\\/\",\"name\":\"Contactez nous - \u00d42J\",\"isPartOf\":{\"@id\":\"https:\\\/\\\/xn--2j-7ja.com\\\/#website\"},\"primaryImageOfPage\":{\"@id\":\"https:\\\/\\\/xn--2j-7ja.com\\\/index.php\\\/contact-us\\\/#primaryimage\"},\"image\":{\"@id\":\"https:\\\/\\\/xn--2j-7ja.com\\\/index.php\\\/contact-us\\\/#primaryimage\"},\"thumbnailUrl\":\"https:\\\/\\\/xn--2j-7ja.com\\\/wp-content\\\/uploads\\\/2024\\\/06\\\/o2j-dom.jpg\",\"datePublished\":\"2018-11-13T16:35:09+00:00\",\"dateModified\":\"2024-09-02T10:22:37+00:00\",\"breadcrumb\":{\"@id\":\"https:\\\/\\\/xn--2j-7ja.com\\\/index.php\\\/contact-us\\\/#breadcrumb\"},\"inLanguage\":\"fr-FR\",\"potentialAction\":[{\"@type\":\"ReadAction\",\"target\":[\"https:\\\/\\\/xn--2j-7ja.com\\\/index.php\\\/contact-us\\\/\"]}]},{\"@type\":\"ImageObject\",\"inLanguage\":\"fr-FR\",\"@id\":\"https:\\\/\\\/xn--2j-7ja.com\\\/index.php\\\/contact-us\\\/#primaryimage\",\"url\":\"https:\\\/\\\/xn--2j-7ja.com\\\/wp-content\\\/uploads\\\/2024\\\/06\\\/o2j-dom.jpg\",\"contentUrl\":\"https:\\\/\\\/xn--2j-7ja.com\\\/wp-content\\\/uploads\\\/2024\\\/06\\\/o2j-dom.jpg\",\"width\":1024,\"height\":461},{\"@type\":\"BreadcrumbList\",\"@id\":\"https:\\\/\\\/xn--2j-7ja.com\\\/index.php\\\/contact-us\\\/#breadcrumb\",\"itemListElement\":[{\"@type\":\"ListItem\",\"position\":1,\"name\":\"Accueil\",\"item\":\"https:\\\/\\\/xn--2j-7ja.com\\\/\"},{\"@type\":\"ListItem\",\"position\":2,\"name\":\"Contactez nous\"}]},{\"@type\":\"WebSite\",\"@id\":\"https:\\\/\\\/xn--2j-7ja.com\\\/#website\",\"url\":\"https:\\\/\\\/xn--2j-7ja.com\\\/\",\"name\":\"\u00d42J\",\"description\":\"Chambres d&#039;h\u00f4te g\u00eete\",\"potentialAction\":[{\"@type\":\"SearchAction\",\"target\":{\"@type\":\"EntryPoint\",\"urlTemplate\":\"https:\\\/\\\/xn--2j-7ja.com\\\/?s={search_term_string}\"},\"query-input\":{\"@type\":\"PropertyValueSpecification\",\"valueRequired\":true,\"valueName\":\"search_term_string\"}}],\"inLanguage\":\"fr-FR\"}]}<\/script>\n<!-- \/ Yoast SEO plugin. -->","yoast_head_json":{"title":"Contactez nous - \u00d42J","robots":{"index":"index","follow":"follow","max-snippet":"max-snippet:-1","max-image-preview":"max-image-preview:large","max-video-preview":"max-video-preview:-1"},"canonical":"https:\/\/xn--2j-7ja.com\/index.php\/contact-us\/","og_locale":"fr_FR","og_type":"article","og_title":"Contactez nous - \u00d42J","og_description":"Pout tout renseignements, une r\u00e9servation, nous vous r\u00e9pondrons le plus rapidement. +33 676922468anastasia.dejoie@gmail.com 413 La Chevestraye, Fresse, FR Laissez votre message","og_url":"https:\/\/xn--2j-7ja.com\/index.php\/contact-us\/","og_site_name":"\u00d42J","article_modified_time":"2024-09-02T10:22:37+00:00","og_image":[{"width":1024,"height":461,"url":"http:\/\/xn--2j-7ja.com\/wp-content\/uploads\/2024\/06\/o2j-dom.jpg","type":"image\/jpeg"}],"twitter_card":"summary_large_image","twitter_misc":{"Dur\u00e9e de lecture estim\u00e9e":"1 minute"},"schema":{"@context":"https:\/\/schema.org","@graph":[{"@type":"WebPage","@id":"https:\/\/xn--2j-7ja.com\/index.php\/contact-us\/","url":"https:\/\/xn--2j-7ja.com\/index.php\/contact-us\/","name":"Contactez nous - \u00d42J","isPartOf":{"@id":"https:\/\/xn--2j-7ja.com\/#website"},"primaryImageOfPage":{"@id":"https:\/\/xn--2j-7ja.com\/index.php\/contact-us\/#primaryimage"},"image":{"@id":"https:\/\/xn--2j-7ja.com\/index.php\/contact-us\/#primaryimage"},"thumbnailUrl":"https:\/\/xn--2j-7ja.com\/wp-content\/uploads\/2024\/06\/o2j-dom.jpg","datePublished":"2018-11-13T16:35:09+00:00","dateModified":"2024-09-02T10:22:37+00:00","breadcrumb":{"@id":"https:\/\/xn--2j-7ja.com\/index.php\/contact-us\/#breadcrumb"},"inLanguage":"fr-FR","potentialAction":[{"@type":"ReadAction","target":["https:\/\/xn--2j-7ja.com\/index.php\/contact-us\/"]}]},{"@type":"ImageObject","inLanguage":"fr-FR","@id":"https:\/\/xn--2j-7ja.com\/index.php\/contact-us\/#primaryimage","url":"https:\/\/xn--2j-7ja.com\/wp-content\/uploads\/2024\/06\/o2j-dom.jpg","contentUrl":"https:\/\/xn--2j-7ja.com\/wp-content\/uploads\/2024\/06\/o2j-dom.jpg","width":1024,"height":461},{"@type":"BreadcrumbList","@id":"https:\/\/xn--2j-7ja.com\/index.php\/contact-us\/#breadcrumb","itemListElement":[{"@type":"ListItem","position":1,"name":"Accueil","item":"https:\/\/xn--2j-7ja.com\/"},{"@type":"ListItem","position":2,"name":"Contactez nous"}]},{"@type":"WebSite","@id":"https:\/\/xn--2j-7ja.com\/#website","url":"https:\/\/xn--2j-7ja.com\/","name":"\u00d42J","description":"Chambres d&#039;h\u00f4te g\u00eete","potentialAction":[{"@type":"SearchAction","target":{"@type":"EntryPoint","urlTemplate":"https:\/\/xn--2j-7ja.com\/?s={search_term_string}"},"query-input":{"@type":"PropertyValueSpecification","valueRequired":true,"valueName":"search_term_string"}}],"inLanguage":"fr-FR"}]}},"jetpack_sharing_enabled":true,"_links":{"self":[{"href":"https:\/\/xn--2j-7ja.com\/index.php\/wp-json\/wp\/v2\/pages\/166","targetHints":{"allow":["GET"]}}],"collection":[{"href":"https:\/\/xn--2j-7ja.com\/index.php\/wp-json\/wp\/v2\/pages"}],"about":[{"href":"https:\/\/xn--2j-7ja.com\/index.php\/wp-json\/wp\/v2\/types\/page"}],"author":[{"embeddable":true,"href":"https:\/\/xn--2j-7ja.com\/index.php\/wp-json\/wp\/v2\/users\/1"}],"replies":[{"embeddable":true,"href":"https:\/\/xn--2j-7ja.com\/index.php\/wp-json\/wp\/v2\/comments?post=166"}],"version-history":[{"count":7,"href":"https:\/\/xn--2j-7ja.com\/index.php\/wp-json\/wp\/v2\/pages\/166\/revisions"}],"predecessor-version":[{"id":756,"href":"https:\/\/xn--2j-7ja.com\/index.php\/wp-json\/wp\/v2\/pages\/166\/revisions\/756"}],"wp:featuredmedia":[{"embeddable":true,"href":"https:\/\/xn--2j-7ja.com\/index.php\/wp-json\/wp\/v2\/media\/702"}],"wp:attachment":[{"href":"https:\/\/xn--2j-7ja.com\/index.php\/wp-json\/wp\/v2\/media?parent=166"}],"curies":[{"name":"wp","href":"https:\/\/api.w.org\/{rel}","templated":true}]}}