{"id":132,"date":"2018-11-13T14:45:20","date_gmt":"2018-11-13T14:45:20","guid":{"rendered":"https:\/\/themes.getmotopress.com\/palmeria\/?page_id=132"},"modified":"2024-09-02T12:24:50","modified_gmt":"2024-09-02T10:24:50","slug":"le-refectoire","status":"publish","type":"page","link":"https:\/\/xn--2j-7ja.com\/index.php\/le-refectoire\/","title":{"rendered":"Le R\u00e9fectoire"},"content":{"rendered":"\n<p class=\"has-text-align-center\">High-class gourmet restaurant. The most admired and exquisite dishes. Outstanding service.<br>Pure enjoyment.<br><\/p>\n\n\n\n<div class=\"wp-block-media-text alignwide\"><figure class=\"wp-block-media-text__media\"><img loading=\"lazy\" decoding=\"async\" width=\"1024\" height=\"461\" src=\"http:\/\/xn--2j-7ja.com\/wp-content\/uploads\/2024\/06\/o2j-dom.jpg\" alt=\"\" class=\"wp-image-702 size-full\" srcset=\"https:\/\/xn--2j-7ja.com\/wp-content\/uploads\/2024\/06\/o2j-dom.jpg 1024w, https:\/\/xn--2j-7ja.com\/wp-content\/uploads\/2024\/06\/o2j-dom-300x135.jpg 300w, https:\/\/xn--2j-7ja.com\/wp-content\/uploads\/2024\/06\/o2j-dom-768x346.jpg 768w, https:\/\/xn--2j-7ja.com\/wp-content\/uploads\/2024\/06\/o2j-dom-892x402.jpg 892w\" sizes=\"auto, (max-width: 1024px) 100vw, 1024px\" \/><\/figure><div class=\"wp-block-media-text__content\">\n<h3 class=\"wp-block-heading\" id=\"mce_1\">PIZZAS<\/h3>\n\n\n\n<p>Sur place tous les mercredis soir.<\/p>\n\n\n\n<div class=\"wp-block-button\"><a class=\"wp-block-button__link wp-element-button\" href=\"https:\/\/www.facebook.com\/profile.php?id=100091887964190\" target=\"_blank\" rel=\"noreferrer noopener\">Plus d&rsquo;infos<\/a><\/div>\n<\/div><\/div>\n\n\n\n<div class=\"wp-block-media-text alignwide\"><figure class=\"wp-block-media-text__media\"><img loading=\"lazy\" decoding=\"async\" width=\"1024\" height=\"461\" src=\"http:\/\/xn--2j-7ja.com\/wp-content\/uploads\/2024\/06\/1714989061157-1024x461.jpg\" alt=\"\" class=\"wp-image-651 size-full\" srcset=\"https:\/\/xn--2j-7ja.com\/wp-content\/uploads\/2024\/06\/1714989061157-1024x461.jpg 1024w, https:\/\/xn--2j-7ja.com\/wp-content\/uploads\/2024\/06\/1714989061157-300x135.jpg 300w, https:\/\/xn--2j-7ja.com\/wp-content\/uploads\/2024\/06\/1714989061157-768x346.jpg 768w, https:\/\/xn--2j-7ja.com\/wp-content\/uploads\/2024\/06\/1714989061157-1536x691.jpg 1536w, https:\/\/xn--2j-7ja.com\/wp-content\/uploads\/2024\/06\/1714989061157-2048x922.jpg 2048w, https:\/\/xn--2j-7ja.com\/wp-content\/uploads\/2024\/06\/1714989061157-892x401.jpg 892w\" sizes=\"auto, (max-width: 1024px) 100vw, 1024px\" \/><\/figure><div class=\"wp-block-media-text__content\">\n<h3 class=\"wp-block-heading has-text-align-left\" id=\"mce_1\">TABLE D&rsquo;H\u00d4TE<\/h3>\n\n\n\n<p class=\"has-text-align-left\"><a href=\"https:\/\/xn--2j-7ja.com\/index.php\/contact-us\/\">Sur r\u00e9servation<\/a> <\/p>\n\n\n\n<p class=\"has-text-align-left\">Menu 30\u20ac\/personne (boissons comprises)<\/p>\n\n\n\n<p><\/p>\n<\/div><\/div>\n\n\n\n<div class=\"wp-block-media-text alignwide\"><figure class=\"wp-block-media-text__media\"><img loading=\"lazy\" decoding=\"async\" width=\"750\" height=\"500\" src=\"https:\/\/xn--2j-7ja.com\/wp-content\/uploads\/2024\/09\/poulet.webp\" alt=\"\" class=\"wp-image-752 size-full\" srcset=\"https:\/\/xn--2j-7ja.com\/wp-content\/uploads\/2024\/09\/poulet.webp 750w, https:\/\/xn--2j-7ja.com\/wp-content\/uploads\/2024\/09\/poulet-300x200.webp 300w, https:\/\/xn--2j-7ja.com\/wp-content\/uploads\/2024\/09\/poulet-150x100.webp 150w\" sizes=\"auto, (max-width: 750px) 100vw, 750px\" \/><\/figure><div class=\"wp-block-media-text__content\">\n<h3 class=\"wp-block-heading\" id=\"mce_1\">Plats \u00e0 emporter<\/h3>\n\n\n\n<p>Nous vous proposons sur demande des plats \u00e0 emporter confectionn\u00e9s par nos soins.<\/p>\n<\/div><\/div>\n\n\n\n<div class=\"wp-block-media-text alignwide\"><figure class=\"wp-block-media-text__media\"><img loading=\"lazy\" decoding=\"async\" width=\"1024\" height=\"768\" src=\"https:\/\/xn--2j-7ja.com\/wp-content\/uploads\/2024\/09\/pied-de-la-planche-1024x768.jpg\" alt=\"\" class=\"wp-image-751 size-full\" srcset=\"https:\/\/xn--2j-7ja.com\/wp-content\/uploads\/2024\/09\/pied-de-la-planche-1024x768.jpg 1024w, https:\/\/xn--2j-7ja.com\/wp-content\/uploads\/2024\/09\/pied-de-la-planche-300x225.jpg 300w, https:\/\/xn--2j-7ja.com\/wp-content\/uploads\/2024\/09\/pied-de-la-planche-768x576.jpg 768w, https:\/\/xn--2j-7ja.com\/wp-content\/uploads\/2024\/09\/pied-de-la-planche-1536x1152.jpg 1536w, https:\/\/xn--2j-7ja.com\/wp-content\/uploads\/2024\/09\/pied-de-la-planche-892x669.jpg 892w, https:\/\/xn--2j-7ja.com\/wp-content\/uploads\/2024\/09\/pied-de-la-planche.jpg 1600w\" sizes=\"auto, (max-width: 1024px) 100vw, 1024px\" \/><\/figure><div class=\"wp-block-media-text__content\">\n<h3 class=\"wp-block-heading has-text-align-left\" id=\"mce_1\">Restaurants \u00e0 proximit\u00e9<\/h3>\n\n\n\n<p class=\"has-text-align-left\">Vous trouverez de nombreux restaurants de qualit\u00e9 \u00e0 proximit\u00e9. De la cuisine traditionnelle \u00e0 la cuisine gastronomique..<\/p>\n<\/div><\/div>\n","protected":false},"excerpt":{"rendered":"<p>High-class gourmet restaurant. The most admired and exquisite dishes. Outstanding service.Pure enjoyment. TABLE D&rsquo;H\u00d4TE Sur r\u00e9servation Menu 30\u20ac\/personne (boissons comprises) Plats \u00e0 emporter Nous vous proposons sur demande des plats \u00e0 emporter confectionn\u00e9s par nos soins. Restaurants \u00e0 proximit\u00e9 Vous trouverez de nombreux restaurants de qualit\u00e9 \u00e0 proximit\u00e9. De la cuisine traditionnelle \u00e0 la cuisine [&hellip;]<\/p>\n","protected":false},"author":1,"featured_media":699,"parent":0,"menu_order":0,"comment_status":"closed","ping_status":"closed","template":"template-wide-page.php","meta":{"footnotes":""},"class_list":["post-132","page","type-page","status-publish","has-post-thumbnail","hentry"],"yoast_head":"<!-- This site is optimized with the Yoast SEO plugin v27.4 - https:\/\/yoast.com\/product\/yoast-seo-wordpress\/ -->\n<title>Le R\u00e9fectoire - \u00d42J<\/title>\n<meta name=\"robots\" content=\"index, follow, max-snippet:-1, max-image-preview:large, max-video-preview:-1\" \/>\n<link rel=\"canonical\" href=\"https:\/\/xn--2j-7ja.com\/index.php\/le-refectoire\/\" \/>\n<meta property=\"og:locale\" content=\"fr_FR\" \/>\n<meta property=\"og:type\" content=\"article\" \/>\n<meta property=\"og:title\" content=\"Le R\u00e9fectoire - \u00d42J\" \/>\n<meta property=\"og:description\" content=\"High-class gourmet restaurant. The most admired and exquisite dishes. Outstanding service.Pure enjoyment. TABLE D&rsquo;H\u00d4TE Sur r\u00e9servation Menu 30\u20ac\/personne (boissons comprises) Plats \u00e0 emporter Nous vous proposons sur demande des plats \u00e0 emporter confectionn\u00e9s par nos soins. Restaurants \u00e0 proximit\u00e9 Vous trouverez de nombreux restaurants de qualit\u00e9 \u00e0 proximit\u00e9. De la cuisine traditionnelle \u00e0 la cuisine [&hellip;]\" \/>\n<meta property=\"og:url\" content=\"https:\/\/xn--2j-7ja.com\/index.php\/le-refectoire\/\" \/>\n<meta property=\"og:site_name\" content=\"\u00d42J\" \/>\n<meta property=\"article:modified_time\" content=\"2024-09-02T10:24:50+00:00\" \/>\n<meta property=\"og:image\" content=\"http:\/\/xn--2j-7ja.com\/wp-content\/uploads\/2024\/06\/o2j-refectoire-2.webp\" \/>\n\t<meta property=\"og:image:width\" content=\"960\" \/>\n\t<meta property=\"og:image:height\" content=\"434\" \/>\n\t<meta property=\"og:image:type\" content=\"image\/webp\" \/>\n<meta name=\"twitter:card\" content=\"summary_large_image\" \/>\n<meta name=\"twitter:label1\" content=\"Dur\u00e9e de lecture estim\u00e9e\" \/>\n\t<meta name=\"twitter:data1\" content=\"2 minutes\" \/>\n<script type=\"application\/ld+json\" class=\"yoast-schema-graph\">{\"@context\":\"https:\\\/\\\/schema.org\",\"@graph\":[{\"@type\":\"WebPage\",\"@id\":\"https:\\\/\\\/xn--2j-7ja.com\\\/index.php\\\/le-refectoire\\\/\",\"url\":\"https:\\\/\\\/xn--2j-7ja.com\\\/index.php\\\/le-refectoire\\\/\",\"name\":\"Le R\u00e9fectoire - \u00d42J\",\"isPartOf\":{\"@id\":\"https:\\\/\\\/xn--2j-7ja.com\\\/#website\"},\"primaryImageOfPage\":{\"@id\":\"https:\\\/\\\/xn--2j-7ja.com\\\/index.php\\\/le-refectoire\\\/#primaryimage\"},\"image\":{\"@id\":\"https:\\\/\\\/xn--2j-7ja.com\\\/index.php\\\/le-refectoire\\\/#primaryimage\"},\"thumbnailUrl\":\"https:\\\/\\\/xn--2j-7ja.com\\\/wp-content\\\/uploads\\\/2024\\\/06\\\/o2j-refectoire-2.webp\",\"datePublished\":\"2018-11-13T14:45:20+00:00\",\"dateModified\":\"2024-09-02T10:24:50+00:00\",\"breadcrumb\":{\"@id\":\"https:\\\/\\\/xn--2j-7ja.com\\\/index.php\\\/le-refectoire\\\/#breadcrumb\"},\"inLanguage\":\"fr-FR\",\"potentialAction\":[{\"@type\":\"ReadAction\",\"target\":[\"https:\\\/\\\/xn--2j-7ja.com\\\/index.php\\\/le-refectoire\\\/\"]}]},{\"@type\":\"ImageObject\",\"inLanguage\":\"fr-FR\",\"@id\":\"https:\\\/\\\/xn--2j-7ja.com\\\/index.php\\\/le-refectoire\\\/#primaryimage\",\"url\":\"https:\\\/\\\/xn--2j-7ja.com\\\/wp-content\\\/uploads\\\/2024\\\/06\\\/o2j-refectoire-2.webp\",\"contentUrl\":\"https:\\\/\\\/xn--2j-7ja.com\\\/wp-content\\\/uploads\\\/2024\\\/06\\\/o2j-refectoire-2.webp\",\"width\":960,\"height\":434},{\"@type\":\"BreadcrumbList\",\"@id\":\"https:\\\/\\\/xn--2j-7ja.com\\\/index.php\\\/le-refectoire\\\/#breadcrumb\",\"itemListElement\":[{\"@type\":\"ListItem\",\"position\":1,\"name\":\"Accueil\",\"item\":\"https:\\\/\\\/xn--2j-7ja.com\\\/\"},{\"@type\":\"ListItem\",\"position\":2,\"name\":\"Le R\u00e9fectoire\"}]},{\"@type\":\"WebSite\",\"@id\":\"https:\\\/\\\/xn--2j-7ja.com\\\/#website\",\"url\":\"https:\\\/\\\/xn--2j-7ja.com\\\/\",\"name\":\"\u00d42J\",\"description\":\"Chambres d&#039;h\u00f4te g\u00eete\",\"potentialAction\":[{\"@type\":\"SearchAction\",\"target\":{\"@type\":\"EntryPoint\",\"urlTemplate\":\"https:\\\/\\\/xn--2j-7ja.com\\\/?s={search_term_string}\"},\"query-input\":{\"@type\":\"PropertyValueSpecification\",\"valueRequired\":true,\"valueName\":\"search_term_string\"}}],\"inLanguage\":\"fr-FR\"}]}<\/script>\n<!-- \/ Yoast SEO plugin. -->","yoast_head_json":{"title":"Le R\u00e9fectoire - \u00d42J","robots":{"index":"index","follow":"follow","max-snippet":"max-snippet:-1","max-image-preview":"max-image-preview:large","max-video-preview":"max-video-preview:-1"},"canonical":"https:\/\/xn--2j-7ja.com\/index.php\/le-refectoire\/","og_locale":"fr_FR","og_type":"article","og_title":"Le R\u00e9fectoire - \u00d42J","og_description":"High-class gourmet restaurant. The most admired and exquisite dishes. Outstanding service.Pure enjoyment. TABLE D&rsquo;H\u00d4TE Sur r\u00e9servation Menu 30\u20ac\/personne (boissons comprises) Plats \u00e0 emporter Nous vous proposons sur demande des plats \u00e0 emporter confectionn\u00e9s par nos soins. Restaurants \u00e0 proximit\u00e9 Vous trouverez de nombreux restaurants de qualit\u00e9 \u00e0 proximit\u00e9. De la cuisine traditionnelle \u00e0 la cuisine [&hellip;]","og_url":"https:\/\/xn--2j-7ja.com\/index.php\/le-refectoire\/","og_site_name":"\u00d42J","article_modified_time":"2024-09-02T10:24:50+00:00","og_image":[{"width":960,"height":434,"url":"http:\/\/xn--2j-7ja.com\/wp-content\/uploads\/2024\/06\/o2j-refectoire-2.webp","type":"image\/webp"}],"twitter_card":"summary_large_image","twitter_misc":{"Dur\u00e9e de lecture estim\u00e9e":"2 minutes"},"schema":{"@context":"https:\/\/schema.org","@graph":[{"@type":"WebPage","@id":"https:\/\/xn--2j-7ja.com\/index.php\/le-refectoire\/","url":"https:\/\/xn--2j-7ja.com\/index.php\/le-refectoire\/","name":"Le R\u00e9fectoire - \u00d42J","isPartOf":{"@id":"https:\/\/xn--2j-7ja.com\/#website"},"primaryImageOfPage":{"@id":"https:\/\/xn--2j-7ja.com\/index.php\/le-refectoire\/#primaryimage"},"image":{"@id":"https:\/\/xn--2j-7ja.com\/index.php\/le-refectoire\/#primaryimage"},"thumbnailUrl":"https:\/\/xn--2j-7ja.com\/wp-content\/uploads\/2024\/06\/o2j-refectoire-2.webp","datePublished":"2018-11-13T14:45:20+00:00","dateModified":"2024-09-02T10:24:50+00:00","breadcrumb":{"@id":"https:\/\/xn--2j-7ja.com\/index.php\/le-refectoire\/#breadcrumb"},"inLanguage":"fr-FR","potentialAction":[{"@type":"ReadAction","target":["https:\/\/xn--2j-7ja.com\/index.php\/le-refectoire\/"]}]},{"@type":"ImageObject","inLanguage":"fr-FR","@id":"https:\/\/xn--2j-7ja.com\/index.php\/le-refectoire\/#primaryimage","url":"https:\/\/xn--2j-7ja.com\/wp-content\/uploads\/2024\/06\/o2j-refectoire-2.webp","contentUrl":"https:\/\/xn--2j-7ja.com\/wp-content\/uploads\/2024\/06\/o2j-refectoire-2.webp","width":960,"height":434},{"@type":"BreadcrumbList","@id":"https:\/\/xn--2j-7ja.com\/index.php\/le-refectoire\/#breadcrumb","itemListElement":[{"@type":"ListItem","position":1,"name":"Accueil","item":"https:\/\/xn--2j-7ja.com\/"},{"@type":"ListItem","position":2,"name":"Le R\u00e9fectoire"}]},{"@type":"WebSite","@id":"https:\/\/xn--2j-7ja.com\/#website","url":"https:\/\/xn--2j-7ja.com\/","name":"\u00d42J","description":"Chambres d&#039;h\u00f4te g\u00eete","potentialAction":[{"@type":"SearchAction","target":{"@type":"EntryPoint","urlTemplate":"https:\/\/xn--2j-7ja.com\/?s={search_term_string}"},"query-input":{"@type":"PropertyValueSpecification","valueRequired":true,"valueName":"search_term_string"}}],"inLanguage":"fr-FR"}]}},"jetpack_sharing_enabled":true,"_links":{"self":[{"href":"https:\/\/xn--2j-7ja.com\/index.php\/wp-json\/wp\/v2\/pages\/132","targetHints":{"allow":["GET"]}}],"collection":[{"href":"https:\/\/xn--2j-7ja.com\/index.php\/wp-json\/wp\/v2\/pages"}],"about":[{"href":"https:\/\/xn--2j-7ja.com\/index.php\/wp-json\/wp\/v2\/types\/page"}],"author":[{"embeddable":true,"href":"https:\/\/xn--2j-7ja.com\/index.php\/wp-json\/wp\/v2\/users\/1"}],"replies":[{"embeddable":true,"href":"https:\/\/xn--2j-7ja.com\/index.php\/wp-json\/wp\/v2\/comments?post=132"}],"version-history":[{"count":6,"href":"https:\/\/xn--2j-7ja.com\/index.php\/wp-json\/wp\/v2\/pages\/132\/revisions"}],"predecessor-version":[{"id":754,"href":"https:\/\/xn--2j-7ja.com\/index.php\/wp-json\/wp\/v2\/pages\/132\/revisions\/754"}],"wp:featuredmedia":[{"embeddable":true,"href":"https:\/\/xn--2j-7ja.com\/index.php\/wp-json\/wp\/v2\/media\/699"}],"wp:attachment":[{"href":"https:\/\/xn--2j-7ja.com\/index.php\/wp-json\/wp\/v2\/media?parent=132"}],"curies":[{"name":"wp","href":"https:\/\/api.w.org\/{rel}","templated":true}]}}