{"id":130,"date":"2018-11-13T14:42:25","date_gmt":"2018-11-13T14:42:25","guid":{"rendered":"https:\/\/themes.getmotopress.com\/palmeria\/?page_id=130"},"modified":"2025-04-07T13:00:03","modified_gmt":"2025-04-07T11:00:03","slug":"a-propos-de-o2j","status":"publish","type":"page","link":"https:\/\/xn--2j-7ja.com\/index.php\/a-propos-de-o2j\/","title":{"rendered":"\u00c0 propos de \u00d42J"},"content":{"rendered":"\n<div class=\"wp-block-columns has-2-columns is-layout-flex wp-container-core-columns-is-layout-9d6595d7 wp-block-columns-is-layout-flex\">\n<div class=\"wp-block-column is-layout-flow wp-block-column-is-layout-flow\">\n<figure class=\"wp-block-image size-large\"><img loading=\"lazy\" decoding=\"async\" width=\"1024\" height=\"461\" src=\"http:\/\/xn--2j-7ja.com\/wp-content\/uploads\/2024\/06\/1714991663701-1024x461.jpg\" alt=\"\" class=\"wp-image-652\" srcset=\"https:\/\/xn--2j-7ja.com\/wp-content\/uploads\/2024\/06\/1714991663701-1024x461.jpg 1024w, https:\/\/xn--2j-7ja.com\/wp-content\/uploads\/2024\/06\/1714991663701-300x135.jpg 300w, https:\/\/xn--2j-7ja.com\/wp-content\/uploads\/2024\/06\/1714991663701-768x346.jpg 768w, https:\/\/xn--2j-7ja.com\/wp-content\/uploads\/2024\/06\/1714991663701-1536x691.jpg 1536w, https:\/\/xn--2j-7ja.com\/wp-content\/uploads\/2024\/06\/1714991663701-2048x922.jpg 2048w, https:\/\/xn--2j-7ja.com\/wp-content\/uploads\/2024\/06\/1714991663701-892x401.jpg 892w\" sizes=\"auto, (max-width: 1024px) 100vw, 1024px\" \/><\/figure>\n<\/div>\n\n\n\n<div class=\"wp-block-column is-layout-flow wp-block-column-is-layout-flow\">\n<p>Anastasia et Dominique vous accueillent dans leur maison d&rsquo;h\u00f4tes situ\u00e9e au c\u0153ur de la nature dans le petit hameau de la Chevestraye \u00e0 FRESSE.<\/p>\n\n\n\n<p>Pour les amoureux de la nature, des randonn\u00e9es et du v\u00e9lo, le plateau des Mille \u00c9tangs et la Planche des Belles Filles entre autres, vous attendent.<\/p>\n<\/div>\n<\/div>\n\n\n\n<h2 class=\"wp-block-heading has-text-align-center\"><strong>Activit\u00e9s<\/strong><\/h2>\n\n\n\n<p class=\"has-text-align-left\">Au programme, sentiers de randonn\u00e9e, circuits de VTT et parties de p\u00eache.<\/p>\n\n\n\n<p>Les villes et villages du territoire organisent r\u00e9guli\u00e8rement des sorties nature, des march\u00e9s, ainsi que des festivals et des f\u00eates de villages.<\/p>\n\n\n\n<p>Passe une bonne journ\u00e9e.<\/p>\n\n\n\n<p class=\"has-text-align-left\">Dominique et Anastasia&nbsp;<\/p>\n\n\n\n<hr class=\"wp-block-separator has-css-opacity is-style-wide\"\/>\n","protected":false},"excerpt":{"rendered":"<p>Anastasia et Dominique vous accueillent dans leur maison d&rsquo;h\u00f4tes situ\u00e9e au c\u0153ur de la nature dans le petit hameau de la Chevestraye \u00e0 FRESSE. Pour les amoureux de la nature, des randonn\u00e9es et du v\u00e9lo, le plateau des Mille \u00c9tangs et la Planche des Belles Filles entre autres, vous attendent. Activit\u00e9s Au programme, sentiers de [&hellip;]<\/p>\n","protected":false},"author":1,"featured_media":697,"parent":0,"menu_order":0,"comment_status":"closed","ping_status":"closed","template":"template-wide-page.php","meta":{"footnotes":""},"class_list":["post-130","page","type-page","status-publish","has-post-thumbnail","hentry"],"yoast_head":"<!-- This site is optimized with the Yoast SEO plugin v27.4 - https:\/\/yoast.com\/product\/yoast-seo-wordpress\/ -->\n<title>\u00c0 propos de \u00d42J - \u00d42J<\/title>\n<meta name=\"robots\" content=\"index, follow, max-snippet:-1, max-image-preview:large, max-video-preview:-1\" \/>\n<link rel=\"canonical\" href=\"https:\/\/xn--2j-7ja.com\/index.php\/a-propos-de-o2j\/\" \/>\n<meta property=\"og:locale\" content=\"fr_FR\" \/>\n<meta property=\"og:type\" content=\"article\" \/>\n<meta property=\"og:title\" content=\"\u00c0 propos de \u00d42J - \u00d42J\" \/>\n<meta property=\"og:description\" content=\"Anastasia et Dominique vous accueillent dans leur maison d&rsquo;h\u00f4tes situ\u00e9e au c\u0153ur de la nature dans le petit hameau de la Chevestraye \u00e0 FRESSE. Pour les amoureux de la nature, des randonn\u00e9es et du v\u00e9lo, le plateau des Mille \u00c9tangs et la Planche des Belles Filles entre autres, vous attendent. Activit\u00e9s Au programme, sentiers de [&hellip;]\" \/>\n<meta property=\"og:url\" content=\"https:\/\/xn--2j-7ja.com\/index.php\/a-propos-de-o2j\/\" \/>\n<meta property=\"og:site_name\" content=\"\u00d42J\" \/>\n<meta property=\"article:modified_time\" content=\"2025-04-07T11:00:03+00:00\" \/>\n<meta property=\"og:image\" content=\"http:\/\/xn--2j-7ja.com\/wp-content\/uploads\/2024\/06\/o2j-choucher-soleil.jpeg\" \/>\n\t<meta property=\"og:image:width\" content=\"1200\" \/>\n\t<meta property=\"og:image:height\" content=\"540\" \/>\n\t<meta property=\"og:image:type\" content=\"image\/jpeg\" \/>\n<meta name=\"twitter:card\" content=\"summary_large_image\" \/>\n<meta name=\"twitter:label1\" content=\"Dur\u00e9e de lecture estim\u00e9e\" \/>\n\t<meta name=\"twitter:data1\" content=\"1 minute\" \/>\n<script type=\"application\/ld+json\" class=\"yoast-schema-graph\">{\"@context\":\"https:\\\/\\\/schema.org\",\"@graph\":[{\"@type\":\"WebPage\",\"@id\":\"https:\\\/\\\/xn--2j-7ja.com\\\/index.php\\\/a-propos-de-o2j\\\/\",\"url\":\"https:\\\/\\\/xn--2j-7ja.com\\\/index.php\\\/a-propos-de-o2j\\\/\",\"name\":\"\u00c0 propos de \u00d42J - \u00d42J\",\"isPartOf\":{\"@id\":\"https:\\\/\\\/xn--2j-7ja.com\\\/#website\"},\"primaryImageOfPage\":{\"@id\":\"https:\\\/\\\/xn--2j-7ja.com\\\/index.php\\\/a-propos-de-o2j\\\/#primaryimage\"},\"image\":{\"@id\":\"https:\\\/\\\/xn--2j-7ja.com\\\/index.php\\\/a-propos-de-o2j\\\/#primaryimage\"},\"thumbnailUrl\":\"https:\\\/\\\/xn--2j-7ja.com\\\/wp-content\\\/uploads\\\/2024\\\/06\\\/o2j-choucher-soleil.jpeg\",\"datePublished\":\"2018-11-13T14:42:25+00:00\",\"dateModified\":\"2025-04-07T11:00:03+00:00\",\"breadcrumb\":{\"@id\":\"https:\\\/\\\/xn--2j-7ja.com\\\/index.php\\\/a-propos-de-o2j\\\/#breadcrumb\"},\"inLanguage\":\"fr-FR\",\"potentialAction\":[{\"@type\":\"ReadAction\",\"target\":[\"https:\\\/\\\/xn--2j-7ja.com\\\/index.php\\\/a-propos-de-o2j\\\/\"]}]},{\"@type\":\"ImageObject\",\"inLanguage\":\"fr-FR\",\"@id\":\"https:\\\/\\\/xn--2j-7ja.com\\\/index.php\\\/a-propos-de-o2j\\\/#primaryimage\",\"url\":\"https:\\\/\\\/xn--2j-7ja.com\\\/wp-content\\\/uploads\\\/2024\\\/06\\\/o2j-choucher-soleil.jpeg\",\"contentUrl\":\"https:\\\/\\\/xn--2j-7ja.com\\\/wp-content\\\/uploads\\\/2024\\\/06\\\/o2j-choucher-soleil.jpeg\",\"width\":1200,\"height\":540},{\"@type\":\"BreadcrumbList\",\"@id\":\"https:\\\/\\\/xn--2j-7ja.com\\\/index.php\\\/a-propos-de-o2j\\\/#breadcrumb\",\"itemListElement\":[{\"@type\":\"ListItem\",\"position\":1,\"name\":\"Accueil\",\"item\":\"https:\\\/\\\/xn--2j-7ja.com\\\/\"},{\"@type\":\"ListItem\",\"position\":2,\"name\":\"\u00c0 propos de \u00d42J\"}]},{\"@type\":\"WebSite\",\"@id\":\"https:\\\/\\\/xn--2j-7ja.com\\\/#website\",\"url\":\"https:\\\/\\\/xn--2j-7ja.com\\\/\",\"name\":\"\u00d42J\",\"description\":\"Chambres d&#039;h\u00f4te g\u00eete\",\"potentialAction\":[{\"@type\":\"SearchAction\",\"target\":{\"@type\":\"EntryPoint\",\"urlTemplate\":\"https:\\\/\\\/xn--2j-7ja.com\\\/?s={search_term_string}\"},\"query-input\":{\"@type\":\"PropertyValueSpecification\",\"valueRequired\":true,\"valueName\":\"search_term_string\"}}],\"inLanguage\":\"fr-FR\"}]}<\/script>\n<!-- \/ Yoast SEO plugin. -->","yoast_head_json":{"title":"\u00c0 propos de \u00d42J - \u00d42J","robots":{"index":"index","follow":"follow","max-snippet":"max-snippet:-1","max-image-preview":"max-image-preview:large","max-video-preview":"max-video-preview:-1"},"canonical":"https:\/\/xn--2j-7ja.com\/index.php\/a-propos-de-o2j\/","og_locale":"fr_FR","og_type":"article","og_title":"\u00c0 propos de \u00d42J - \u00d42J","og_description":"Anastasia et Dominique vous accueillent dans leur maison d&rsquo;h\u00f4tes situ\u00e9e au c\u0153ur de la nature dans le petit hameau de la Chevestraye \u00e0 FRESSE. Pour les amoureux de la nature, des randonn\u00e9es et du v\u00e9lo, le plateau des Mille \u00c9tangs et la Planche des Belles Filles entre autres, vous attendent. Activit\u00e9s Au programme, sentiers de [&hellip;]","og_url":"https:\/\/xn--2j-7ja.com\/index.php\/a-propos-de-o2j\/","og_site_name":"\u00d42J","article_modified_time":"2025-04-07T11:00:03+00:00","og_image":[{"width":1200,"height":540,"url":"http:\/\/xn--2j-7ja.com\/wp-content\/uploads\/2024\/06\/o2j-choucher-soleil.jpeg","type":"image\/jpeg"}],"twitter_card":"summary_large_image","twitter_misc":{"Dur\u00e9e de lecture estim\u00e9e":"1 minute"},"schema":{"@context":"https:\/\/schema.org","@graph":[{"@type":"WebPage","@id":"https:\/\/xn--2j-7ja.com\/index.php\/a-propos-de-o2j\/","url":"https:\/\/xn--2j-7ja.com\/index.php\/a-propos-de-o2j\/","name":"\u00c0 propos de \u00d42J - \u00d42J","isPartOf":{"@id":"https:\/\/xn--2j-7ja.com\/#website"},"primaryImageOfPage":{"@id":"https:\/\/xn--2j-7ja.com\/index.php\/a-propos-de-o2j\/#primaryimage"},"image":{"@id":"https:\/\/xn--2j-7ja.com\/index.php\/a-propos-de-o2j\/#primaryimage"},"thumbnailUrl":"https:\/\/xn--2j-7ja.com\/wp-content\/uploads\/2024\/06\/o2j-choucher-soleil.jpeg","datePublished":"2018-11-13T14:42:25+00:00","dateModified":"2025-04-07T11:00:03+00:00","breadcrumb":{"@id":"https:\/\/xn--2j-7ja.com\/index.php\/a-propos-de-o2j\/#breadcrumb"},"inLanguage":"fr-FR","potentialAction":[{"@type":"ReadAction","target":["https:\/\/xn--2j-7ja.com\/index.php\/a-propos-de-o2j\/"]}]},{"@type":"ImageObject","inLanguage":"fr-FR","@id":"https:\/\/xn--2j-7ja.com\/index.php\/a-propos-de-o2j\/#primaryimage","url":"https:\/\/xn--2j-7ja.com\/wp-content\/uploads\/2024\/06\/o2j-choucher-soleil.jpeg","contentUrl":"https:\/\/xn--2j-7ja.com\/wp-content\/uploads\/2024\/06\/o2j-choucher-soleil.jpeg","width":1200,"height":540},{"@type":"BreadcrumbList","@id":"https:\/\/xn--2j-7ja.com\/index.php\/a-propos-de-o2j\/#breadcrumb","itemListElement":[{"@type":"ListItem","position":1,"name":"Accueil","item":"https:\/\/xn--2j-7ja.com\/"},{"@type":"ListItem","position":2,"name":"\u00c0 propos de \u00d42J"}]},{"@type":"WebSite","@id":"https:\/\/xn--2j-7ja.com\/#website","url":"https:\/\/xn--2j-7ja.com\/","name":"\u00d42J","description":"Chambres d&#039;h\u00f4te g\u00eete","potentialAction":[{"@type":"SearchAction","target":{"@type":"EntryPoint","urlTemplate":"https:\/\/xn--2j-7ja.com\/?s={search_term_string}"},"query-input":{"@type":"PropertyValueSpecification","valueRequired":true,"valueName":"search_term_string"}}],"inLanguage":"fr-FR"}]}},"jetpack_sharing_enabled":true,"_links":{"self":[{"href":"https:\/\/xn--2j-7ja.com\/index.php\/wp-json\/wp\/v2\/pages\/130","targetHints":{"allow":["GET"]}}],"collection":[{"href":"https:\/\/xn--2j-7ja.com\/index.php\/wp-json\/wp\/v2\/pages"}],"about":[{"href":"https:\/\/xn--2j-7ja.com\/index.php\/wp-json\/wp\/v2\/types\/page"}],"author":[{"embeddable":true,"href":"https:\/\/xn--2j-7ja.com\/index.php\/wp-json\/wp\/v2\/users\/1"}],"replies":[{"embeddable":true,"href":"https:\/\/xn--2j-7ja.com\/index.php\/wp-json\/wp\/v2\/comments?post=130"}],"version-history":[{"count":9,"href":"https:\/\/xn--2j-7ja.com\/index.php\/wp-json\/wp\/v2\/pages\/130\/revisions"}],"predecessor-version":[{"id":788,"href":"https:\/\/xn--2j-7ja.com\/index.php\/wp-json\/wp\/v2\/pages\/130\/revisions\/788"}],"wp:featuredmedia":[{"embeddable":true,"href":"https:\/\/xn--2j-7ja.com\/index.php\/wp-json\/wp\/v2\/media\/697"}],"wp:attachment":[{"href":"https:\/\/xn--2j-7ja.com\/index.php\/wp-json\/wp\/v2\/media?parent=130"}],"curies":[{"name":"wp","href":"https:\/\/api.w.org\/{rel}","templated":true}]}}